{"id":19,"date":"2024-01-26T14:12:57","date_gmt":"2024-01-26T13:12:57","guid":{"rendered":"https:\/\/actugoodies.com\/?page_id=19"},"modified":"2026-01-05T10:00:12","modified_gmt":"2026-01-05T09:00:12","slug":"19-2","status":"publish","type":"page","link":"https:\/\/actugoodies.com\/","title":{"rendered":"Actualit\u00e9s"},"content":{"rendered":"<p>[et_pb_section fb_built=\u00a0\u00bb1&Prime; _builder_version=\u00a0\u00bb4.24.1&Prime; _module_preset=\u00a0\u00bbdefault\u00a0\u00bb use_background_color_gradient=\u00a0\u00bbon\u00a0\u00bb background_color_gradient_direction=\u00a0\u00bb90deg\u00a0\u00bb background_color_gradient_stops=\u00a0\u00bbrgba(114,114,114,0.56) 16%|rgba(0,0,0,0.67) 100%\u00a0\u00bb background_color_gradient_overlays_image=\u00a0\u00bbon\u00a0\u00bb background_image=\u00a0\u00bbhttps:\/\/actugoodies.com\/wp-content\/uploads\/2024\/02\/pexels-flo-dahm-699459-1-scaled.jpg\u00a0\u00bb min_height=\u00a0\u00bb378.6px\u00a0\u00bb global_colors_info=\u00a0\u00bb{}\u00a0\u00bb][et_pb_row _builder_version=\u00a0\u00bb4.24.1&Prime; _module_preset=\u00a0\u00bbdefault\u00a0\u00bb global_colors_info=\u00a0\u00bb{}\u00a0\u00bb][et_pb_column type=\u00a0\u00bb4_4&Prime; _builder_version=\u00a0\u00bb4.24.1&Prime; _module_preset=\u00a0\u00bbdefault\u00a0\u00bb global_colors_info=\u00a0\u00bb{}\u00a0\u00bb][et_pb_text _builder_version=\u00a0\u00bb4.24.1&Prime; _module_preset=\u00a0\u00bbdefault\u00a0\u00bb text_font_size=\u00a0\u00bb80px\u00a0\u00bb text_line_height=\u00a0\u00bb1.8em\u00a0\u00bb global_colors_info=\u00a0\u00bb{}\u00a0\u00bb]<\/p>\n<p style=\"text-align: center;\"><span style=\"color: #ffffff;\"><strong>ACTUALIT\u00c9S<\/strong><\/span><\/p>\n<p>[\/et_pb_text][\/et_pb_column][\/et_pb_row][\/et_pb_section][et_pb_section fb_built=\u00a0\u00bb1&Prime; _builder_version=\u00a0\u00bb4.24.1&Prime; _module_preset=\u00a0\u00bbdefault\u00a0\u00bb custom_margin=\u00a0\u00bb-3px|||||\u00a0\u00bb global_colors_info=\u00a0\u00bb{}\u00a0\u00bb][et_pb_row _builder_version=\u00a0\u00bb4.24.1&Prime; _module_preset=\u00a0\u00bbdefault\u00a0\u00bb global_colors_info=\u00a0\u00bb{}\u00a0\u00bb][et_pb_column type=\u00a0\u00bb4_4&Prime; _builder_version=\u00a0\u00bb4.24.1&Prime; _module_preset=\u00a0\u00bbdefault\u00a0\u00bb global_colors_info=\u00a0\u00bb{}\u00a0\u00bb][et_pb_text _builder_version=\u00a0\u00bb4.24.2&Prime; _module_preset=\u00a0\u00bbdefault\u00a0\u00bb global_colors_info=\u00a0\u00bb{}\u00a0\u00bb]<\/p>\n<p style=\"text-align: center;\"><strong>Bienvenue sur notre blog d\u00e9di\u00e9 aux goodies ! Explorez des tr\u00e9sors uniques, plongez dans l&rsquo;univers des surprises et d\u00e9couvrez l&rsquo;art de l&rsquo;inattendu. Installez-vous confortablement, la magie commence ici !<\/strong><\/p>\n<p>[\/et_pb_text][\/et_pb_column][\/et_pb_row][\/et_pb_section][et_pb_section fb_built=\u00a0\u00bb1&Prime; admin_label=\u00a0\u00bbBlog\u00a0\u00bb _builder_version=\u00a0\u00bb4.24.2&Prime; _module_preset=\u00a0\u00bbdefault\u00a0\u00bb background_enable_color=\u00a0\u00bboff\u00a0\u00bb use_background_color_gradient=\u00a0\u00bbon\u00a0\u00bb background_color_gradient_direction=\u00a0\u00bb90deg\u00a0\u00bb background_color_gradient_stops=\u00a0\u00bbrgba(168,168,168,0.41) 28%|rgba(0,0,0,0.75) 100%\u00a0\u00bb background_color_gradient_overlays_image=\u00a0\u00bbon\u00a0\u00bb background_image=\u00a0\u00bbhttps:\/\/actugoodies.com\/wp-content\/uploads\/2024\/02\/concept-plat-business-scaled.jpg\u00a0\u00bb collapsed=\u00a0\u00bboff\u00a0\u00bb global_colors_info=\u00a0\u00bb{}\u00a0\u00bb][et_pb_row _builder_version=\u00a0\u00bb4.24.2&Prime; _module_preset=\u00a0\u00bbdefault\u00a0\u00bb custom_margin=\u00a0\u00bb|auto|3px|auto||\u00a0\u00bb global_colors_info=\u00a0\u00bb{}\u00a0\u00bb][et_pb_column type=\u00a0\u00bb4_4&Prime; _builder_version=\u00a0\u00bb4.24.2&Prime; _module_preset=\u00a0\u00bbdefault\u00a0\u00bb background_enable_color=\u00a0\u00bboff\u00a0\u00bb global_colors_info=\u00a0\u00bb{}\u00a0\u00bb][et_pb_blog fullwidth=\u00a0\u00bboff\u00a0\u00bb posts_number=\u00a0\u00bb9&Prime; include_categories=\u00a0\u00bb2&Prime; show_more=\u00a0\u00bbon\u00a0\u00bb show_author=\u00a0\u00bboff\u00a0\u00bb _builder_version=\u00a0\u00bb4.24.2&Prime; _module_preset=\u00a0\u00bb0726f55a-9c8e-46d0-9b88-4bd906bf9d78&Prime; header_font=\u00a0\u00bbSource Sans Pro|600|||||||\u00a0\u00bb header_font_size=\u00a0\u00bb20px\u00a0\u00bb header_line_height=\u00a0\u00bb1.2em\u00a0\u00bb meta_font=\u00a0\u00bbSource Sans Pro|600|||||||\u00a0\u00bb read_more_font=\u00a0\u00bbSource Sans Pro|700||on|||||\u00a0\u00bb read_more_text_color=\u00a0\u00bb#000000&Prime; pagination_font=\u00a0\u00bbSource Sans Pro|700||on|||||\u00a0\u00bb pagination_text_color=\u00a0\u00bb#000000&Prime; background_enable_color=\u00a0\u00bboff\u00a0\u00bb header_font_size_tablet=\u00a0\u00bb16px\u00a0\u00bb header_font_size_phone=\u00a0\u00bb15px\u00a0\u00bb header_font_size_last_edited=\u00a0\u00bbon|desktop\u00a0\u00bb border_radii=\u00a0\u00bbon|30px|30px|30px|30px\u00a0\u00bb border_color_all=\u00a0\u00bbrgba(0,0,0,0.12)\u00a0\u00bb locked=\u00a0\u00bboff\u00a0\u00bb global_colors_info=\u00a0\u00bb{%22gcid-cb91e05a-a65b-4604-a848-3eebeb47b543%22:%91%22meta_text_color%22%93}\u00a0\u00bb][\/et_pb_blog][\/et_pb_column][\/et_pb_row][et_pb_row _builder_version=\u00a0\u00bb4.19.1&Prime; _module_preset=\u00a0\u00bbdefault\u00a0\u00bb max_width=\u00a0\u00bb700px\u00a0\u00bb custom_margin=\u00a0\u00bb31px|auto||auto||\u00a0\u00bb global_colors_info=\u00a0\u00bb{}\u00a0\u00bb][et_pb_column type=\u00a0\u00bb4_4&Prime; _builder_version=\u00a0\u00bb4.19.1&Prime; _module_preset=\u00a0\u00bbdefault\u00a0\u00bb global_colors_info=\u00a0\u00bb{}\u00a0\u00bb][et_pb_text _builder_version=\u00a0\u00bb4.24.2&Prime; _module_preset=\u00a0\u00bb09af70d0-972a-41a1-81f8-5cc0b87baf01&Prime; background_color=\u00a0\u00bb#000000&Prime; text_orientation=\u00a0\u00bbcenter\u00a0\u00bb border_radii=\u00a0\u00bbon|10px|10px|10px|10px\u00a0\u00bb global_colors_info=\u00a0\u00bb{}\u00a0\u00bb]<\/p>\n<h1 style=\"text-align: center;\"><strong><span style=\"color: #ffffff;\"><\/span><\/strong><\/h1>\n<h1 style=\"text-align: center;\"><strong><span style=\"color: #ffffff;\">Inscrivez-vous<\/span><\/strong><\/h1>\n<p><span style=\"color: #ffffff;\">Abonnez-vous d\u00e8s maintenant pour recevoir en exclusivit\u00e9 nos derni\u00e8res actualit\u00e9s sur les diff\u00e9rents goodies directement dans votre bo\u00eete de r\u00e9ception. Soyez parmi les premiers \u00e0 \u00eatre inform\u00e9s des \u00e9v\u00e9nements, tendances et d\u00e9veloppements qui enrichissent notre univers de surprises.<\/span><\/p>\n<p><span style=\"color: #ffffff;\"><\/span><\/p>\n<p>[\/et_pb_text][et_pb_signup mailchimp_list=\u00a0\u00bbundefined|elegantthemestest|1ea2bbd026&Prime; first_name_field=\u00a0\u00bboff\u00a0\u00bb last_name_field=\u00a0\u00bboff\u00a0\u00bb button_text=\u00a0\u00bbS&rsquo;abonner\u00a0\u00bb _builder_version=\u00a0\u00bb4.24.2&Prime; _module_preset=\u00a0\u00bbf69a0cfe-a59b-4881-8ccd-c1cb586dfefb\u00a0\u00bb form_field_background_color=\u00a0\u00bb#000000&Prime; form_field_text_color=\u00a0\u00bb#FFFFFF\u00a0\u00bb locked=\u00a0\u00bboff\u00a0\u00bb global_colors_info=\u00a0\u00bb{}\u00a0\u00bb][\/et_pb_signup][\/et_pb_column][\/et_pb_row][\/et_pb_section][et_pb_section fb_built=\u00a0\u00bb1&Prime; admin_label=\u00a0\u00bbFooter\u00a0\u00bb _builder_version=\u00a0\u00bb4.24.1&Prime; _module_preset=\u00a0\u00bbdefault\u00a0\u00bb background_color=\u00a0\u00bb#2a2f31&Prime; saved_tabs=\u00a0\u00bball\u00a0\u00bb collapsed=\u00a0\u00bbon\u00a0\u00bb global_colors_info=\u00a0\u00bb{}\u00a0\u00bb][et_pb_row column_structure=\u00a0\u00bb1_3,1_3,1_3&Prime; _builder_version=\u00a0\u00bb4.19.1&Prime; _module_preset=\u00a0\u00bbdefault\u00a0\u00bb global_colors_info=\u00a0\u00bb{}\u00a0\u00bb][et_pb_column type=\u00a0\u00bb1_3&Prime; _builder_version=\u00a0\u00bb4.19.1&Prime; _module_preset=\u00a0\u00bbdefault\u00a0\u00bb global_colors_info=\u00a0\u00bb{}\u00a0\u00bb][et_pb_image src=\u00a0\u00bbhttps:\/\/actugoodies.com\/wp-content\/uploads\/2024\/02\/LOGO-EN-BLANC-SANS-FOND.png\u00a0\u00bb title_text=\u00a0\u00bbLOGO EN BLANC SANS FOND\u00a0\u00bb _builder_version=\u00a0\u00bb4.24.2&Prime; _module_preset=\u00a0\u00bbdefault\u00a0\u00bb max_height=\u00a0\u00bb64px\u00a0\u00bb global_colors_info=\u00a0\u00bb{}\u00a0\u00bb][\/et_pb_image][et_pb_text _builder_version=\u00a0\u00bb4.24.1&Prime; _module_preset=\u00a0\u00bbdefault\u00a0\u00bb text_text_color=\u00a0\u00bb#FFFFFF\u00a0\u00bb link_text_color=\u00a0\u00bb#FFFFFF\u00a0\u00bb custom_margin=\u00a0\u00bb||10px||false|false\u00a0\u00bb locked=\u00a0\u00bboff\u00a0\u00bb global_colors_info=\u00a0\u00bb{}\u00a0\u00bb]<\/p>\n<p><a href=\"https:\/\/www.google.fr\/maps\/place\/\/data=!4m2!3m1!1s0x47fd29ddd81384ff:0xb5c84d7b2a93f864?sa=X&amp;ved=2ahUKEwj1n73JgLeEAxXGUaQEHaSwCSgQ4kB6BAgxEAA\" data-url=\"\/maps\/place\/\/data=!4m2!3m1!1s0x47fd29ddd81384ff:0xb5c84d7b2a93f864?sa=X&amp;ved=2ahUKEwj1n73JgLeEAxXGUaQEHaSwCSgQ4kB6BAgxEAA\" ping=\"\/url?sa=t&amp;source=web&amp;rct=j&amp;opi=89978449&amp;url=\/maps\/place\/\/data%3D!4m2!3m1!1s0x47fd29ddd81384ff:0xb5c84d7b2a93f864%3Fsa%3DX%26ved%3D2ahUKEwj1n73JgLeEAxXGUaQEHaSwCSgQ4kB6BAgxEAA&amp;ved=2ahUKEwj1n73JgLeEAxXGUaQEHaSwCSgQ4kB6BAhgEAM\" tabindex=\"0\"><span>32 Rue Gutenberg, 37300 Jou\u00e9-l\u00e8s-Tours<\/span><\/a><\/p>\n<p>[\/et_pb_text][et_pb_text _builder_version=\u00a0\u00bb4.24.1&Prime; _module_preset=\u00a0\u00bbdefault\u00a0\u00bb text_text_color=\u00a0\u00bb#FFFFFF\u00a0\u00bb link_text_color=\u00a0\u00bb#FFFFFF\u00a0\u00bb custom_margin=\u00a0\u00bb||10px||false|false\u00a0\u00bb custom_padding=\u00a0\u00bb||0px|||\u00a0\u00bb locked=\u00a0\u00bboff\u00a0\u00bb global_colors_info=\u00a0\u00bb{}\u00a0\u00bb]<\/p>\n<p><span>commercial@cadeaucom.com<\/span><\/p>\n<p>[\/et_pb_text][et_pb_text _builder_version=\u00a0\u00bb4.24.1&Prime; _module_preset=\u00a0\u00bbdefault\u00a0\u00bb text_text_color=\u00a0\u00bb#FFFFFF\u00a0\u00bb link_text_color=\u00a0\u00bb#FFFFFF\u00a0\u00bb min_height=\u00a0\u00bb11.8px\u00a0\u00bb custom_margin=\u00a0\u00bb-12px||10px||false|false\u00a0\u00bb custom_padding=\u00a0\u00bb||1px|||\u00a0\u00bb locked=\u00a0\u00bboff\u00a0\u00bb global_colors_info=\u00a0\u00bb{}\u00a0\u00bb]<\/p>\n<p><a data-dtype=\"d3ph\" data-local-attribute=\"d3ph\" jscontroller=\"LWZElb\" href=\"https:\/\/www.google.fr\/search?q=cadeaucom&amp;sca_esv=5d48de1e8e0fb59b&amp;sxsrf=ACQVn0_YgxtZNNUOzftQqjXwDMKUeZK-4A%3A1708331983301&amp;source=hp&amp;ei=zxPTZbbkD7iskdUPk6umiAQ&amp;iflsig=ANes7DEAAAAAZdMh35Dum2eCaPhNVOuLgxCB9EcqEWXS&amp;oq=cadeau&amp;gs_lp=Egdnd3Mtd2l6IgZjYWRlYXUqAggAMgoQIxiABBiKBRgnMgoQIxiABBiKBRgnMgQQIxgnMggQABiABBixAzIIEAAYgAQYsQMyCBAAGIAEGLEDMggQABiABBixAzIIEAAYgAQYsQMyBRAAGIAEMgUQABiABEioDFAAWOQGcAB4AJABAZgBowSgAcALqgEHMi4yLjUtMrgBAcgBAPgBAcICERAuGIAEGLEDGIMBGMcBGNEDwgIOEC4YgAQYsQMYxwEY0QPCAgsQABiABBixAxiDAQ&amp;sclient=gws-wiz#\" jsdata=\"QKGTRc;_;BxxpDo\" jsaction=\"rcuQ6b:npT2md;F75qrd\" data-ved=\"2ahUKEwj1n73JgLeEAxXGUaQEHaSwCSgQkAgoAHoECF8QAw\"><span aria-label=\"Appeler le 02 47 66 06 50\">02 47 66 06 50<\/span><\/a><\/p>\n<p>[\/et_pb_text][et_pb_social_media_follow _builder_version=\u00a0\u00bb4.24.1&Prime; _module_preset=\u00a0\u00bbdefault\u00a0\u00bb custom_margin=\u00a0\u00bb30px||||false|false\u00a0\u00bb global_colors_info=\u00a0\u00bb{}\u00a0\u00bb][et_pb_social_media_follow_network social_network=\u00a0\u00bbfacebook\u00a0\u00bb url=\u00a0\u00bbhttps:\/\/www.facebook.com\/mediatours\/?locale=fr_FR\u00a0\u00bb _builder_version=\u00a0\u00bb4.24.1&Prime; _module_preset=\u00a0\u00bbdefault\u00a0\u00bb global_colors_info=\u00a0\u00bb{}\u00a0\u00bb follow_button=\u00a0\u00bboff\u00a0\u00bb url_new_window=\u00a0\u00bbon\u00a0\u00bb]facebook[\/et_pb_social_media_follow_network][et_pb_social_media_follow_network social_network=\u00a0\u00bbinstagram\u00a0\u00bb url=\u00a0\u00bbhttps:\/\/www.instagram.com\/cadeaucom\/\u00a0\u00bb _builder_version=\u00a0\u00bb4.24.1&Prime; _module_preset=\u00a0\u00bbdefault\u00a0\u00bb global_colors_info=\u00a0\u00bb{}\u00a0\u00bb follow_button=\u00a0\u00bboff\u00a0\u00bb url_new_window=\u00a0\u00bbon\u00a0\u00bb]instagram[\/et_pb_social_media_follow_network][et_pb_social_media_follow_network social_network=\u00a0\u00bblinkedin\u00a0\u00bb url=\u00a0\u00bbhttps:\/\/www.linkedin.com\/company\/cadeaucom-objets-personnalis%C3%A9s\/?originalSubdomain=fr\u00a0\u00bb _builder_version=\u00a0\u00bb4.24.1&Prime; _module_preset=\u00a0\u00bbdefault\u00a0\u00bb background_color=\u00a0\u00bbRGBA(255,255,255,0)\u00a0\u00bb background_enable_color=\u00a0\u00bbon\u00a0\u00bb global_colors_info=\u00a0\u00bb{}\u00a0\u00bb follow_button=\u00a0\u00bboff\u00a0\u00bb url_new_window=\u00a0\u00bbon\u00a0\u00bb]linkedin[\/et_pb_social_media_follow_network][\/et_pb_social_media_follow][et_pb_text _builder_version=\u00a0\u00bb4.24.2&Prime; _module_preset=\u00a0\u00bbdefault\u00a0\u00bb link_option_url=\u00a0\u00bbhttps:\/\/actugoodies.com\/?page_id=1427&#038;et_fb=1&#038;PageSpeed=off\u00a0\u00bb global_colors_info=\u00a0\u00bb{}\u00a0\u00bb]<\/p>\n<p><span style=\"color: #ffffff;\">Mentions l\u00e9gales<\/span><\/p>\n<p>[\/et_pb_text][\/et_pb_column][et_pb_column type=\u00a0\u00bb1_3&Prime; _builder_version=\u00a0\u00bb4.19.1&Prime; _module_preset=\u00a0\u00bbdefault\u00a0\u00bb global_colors_info=\u00a0\u00bb{}\u00a0\u00bb][et_pb_signup title=\u00a0\u00bbExplorez l&rsquo;univers des goodies !\u00a0\u00bb button_text=\u00a0\u00bbS&rsquo;abonner\u00a0\u00bb description=\u00a0\u00bb<\/p>\n<p><span style=%22color: #999999;%22>Ne passez pas \u00e0 c\u00f4t\u00e9 des derni\u00e8res actualit\u00e9s, des \u00e9v\u00e9nements sensationnels et des vid\u00e9os captivantes sur les goodies ! Devenez membre en vous abonnant d\u00e8s maintenant.<\/span><\/p>\n<p>\u00a0\u00bb _builder_version=\u00a0\u00bb4.24.1&Prime; _module_preset=\u00a0\u00bbdefault\u00a0\u00bb form_field_background_color=\u00a0\u00bb#B3B3B3&Prime; form_field_text_color=\u00a0\u00bb#FFFFFF\u00a0\u00bb form_field_focus_background_color=\u00a0\u00bb#FFFFFF\u00a0\u00bb form_field_focus_text_color=\u00a0\u00bb#FFFFFF\u00a0\u00bb header_text_color=\u00a0\u00bb#B3B3B3&Prime; background_color=\u00a0\u00bb#f5f5f5&Prime; custom_button=\u00a0\u00bbon\u00a0\u00bb button_text_color=\u00a0\u00bb#B3B3B3&Prime; button_border_color=\u00a0\u00bb#b3b3b3&Prime; border_radii=\u00a0\u00bbon|10px|10px|10px|10px\u00a0\u00bb global_colors_info=\u00a0\u00bb{}\u00a0\u00bb][\/et_pb_signup][\/et_pb_column][et_pb_column type=\u00a0\u00bb1_3&Prime; _builder_version=\u00a0\u00bb4.19.1&Prime; _module_preset=\u00a0\u00bbdefault\u00a0\u00bb global_colors_info=\u00a0\u00bb{}\u00a0\u00bb][et_pb_testimonial author=\u00a0\u00bbLe nom va ici\u00a0\u00bb portrait_url=\u00a0\u00bbdata:image\/svg+xml;base64,PHN2ZyB3aWR0aD0iNTAwIiBoZWlnaHQ9IjUwMCIgdmlld0JveD0iMCAwIDUwMCA1MDAiIHhtbG5zPSJodHRwOi8vd3d3LnczLm9yZy8yMDAwL3N2ZyI+CiAgICA8ZyBmaWxsPSJub25lIiBmaWxsLXJ1bGU9ImV2ZW5vZGQiPgogICAgICAgIDxwYXRoIGZpbGw9IiNFQkVCRUIiIGQ9Ik0wIDBoNTAwdjUwMEgweiIvPgogICAgICAgIDxyZWN0IGZpbGwtb3BhY2l0eT0iLjEiIGZpbGw9IiMwMDAiIHg9IjY4IiB5PSIzMDUiIHdpZHRoPSIzNjQiIGhlaWdodD0iNTY4IiByeD0iMTgyIi8+CiAgICAgICAgPGNpcmNsZSBmaWxsLW9wYWNpdHk9Ii4xIiBmaWxsPSIjMDAwIiBjeD0iMjQ5IiBjeT0iMTcyIiByPSIxMDAiLz4KICAgIDwvZz4KPC9zdmc+Cg==\u00a0\u00bb quote_icon=\u00a0\u00bboff\u00a0\u00bb _builder_version=\u00a0\u00bb4.24.1&Prime; _module_preset=\u00a0\u00bbdefault\u00a0\u00bb border_radii=\u00a0\u00bbon|10px|10px|10px|10px\u00a0\u00bb global_colors_info=\u00a0\u00bb{}\u00a0\u00bb]<\/p>\n<p>Your content goes here. Edit or remove this text inline or in the module Content settings. You can also style every aspect of this content in the module Design settings and even apply custom CSS to this text in the module Advanced settings.<\/p>\n<p>[\/et_pb_testimonial][\/et_pb_column][\/et_pb_row][\/et_pb_section]<\/p>\n","protected":false},"excerpt":{"rendered":"<p>ACTUALIT\u00c9SBienvenue sur notre blog d\u00e9di\u00e9 aux goodies ! Explorez des tr\u00e9sors uniques, plongez dans l&rsquo;univers des surprises et d\u00e9couvrez l&rsquo;art de l&rsquo;inattendu. Installez-vous confortablement, la magie commence ici ! Inscrivez-vous Abonnez-vous d\u00e8s maintenant pour recevoir en exclusivit\u00e9 nos derni\u00e8res actualit\u00e9s sur les diff\u00e9rents goodies directement dans votre bo\u00eete de r\u00e9ception. Soyez parmi les premiers \u00e0 [&hellip;]<\/p>\n","protected":false},"author":1,"featured_media":0,"parent":0,"menu_order":0,"comment_status":"closed","ping_status":"closed","template":"","meta":{"_et_pb_use_builder":"on","_et_pb_old_content":"","_et_gb_content_width":"","footnotes":""},"class_list":["post-19","page","type-page","status-publish","hentry"],"yoast_head":"<!-- This site is optimized with the Yoast SEO plugin v27.4 - https:\/\/yoast.com\/product\/yoast-seo-wordpress\/ -->\n<title>Actualit\u00e9s - Actugoodies<\/title>\n<meta name=\"robots\" content=\"index, follow, max-snippet:-1, max-image-preview:large, max-video-preview:-1\" \/>\n<link rel=\"canonical\" href=\"https:\/\/actugoodies.com\/\" \/>\n<meta property=\"og:locale\" content=\"fr_FR\" \/>\n<meta property=\"og:type\" content=\"article\" \/>\n<meta property=\"og:title\" content=\"Actualit\u00e9s - Actugoodies\" \/>\n<meta property=\"og:description\" content=\"ACTUALIT\u00c9SBienvenue sur notre blog d\u00e9di\u00e9 aux goodies ! Explorez des tr\u00e9sors uniques, plongez dans l&#039;univers des surprises et d\u00e9couvrez l&#039;art de l&#039;inattendu. Installez-vous confortablement, la magie commence ici ! Inscrivez-vous Abonnez-vous d\u00e8s maintenant pour recevoir en exclusivit\u00e9 nos derni\u00e8res actualit\u00e9s sur les diff\u00e9rents goodies directement dans votre bo\u00eete de r\u00e9ception. Soyez parmi les premiers \u00e0 [&hellip;]\" \/>\n<meta property=\"og:url\" content=\"https:\/\/actugoodies.com\/\" \/>\n<meta property=\"og:site_name\" content=\"Actugoodies\" \/>\n<meta property=\"article:publisher\" content=\"https:\/\/www.facebook.com\/mediatours?locale=fr_FR\" \/>\n<meta property=\"article:modified_time\" content=\"2026-01-05T09:00:12+00:00\" \/>\n<meta name=\"twitter:card\" content=\"summary_large_image\" \/>\n<meta name=\"twitter:label1\" content=\"Dur\u00e9e de lecture estim\u00e9e\" \/>\n\t<meta name=\"twitter:data1\" content=\"6 minutes\" \/>\n<script type=\"application\/ld+json\" class=\"yoast-schema-graph\">{\"@context\":\"https:\\\/\\\/schema.org\",\"@graph\":[{\"@type\":\"WebPage\",\"@id\":\"https:\\\/\\\/actugoodies.com\\\/\",\"url\":\"https:\\\/\\\/actugoodies.com\\\/\",\"name\":\"Actualit\u00e9s - Actugoodies\",\"isPartOf\":{\"@id\":\"https:\\\/\\\/actugoodies.com\\\/#website\"},\"datePublished\":\"2024-01-26T13:12:57+00:00\",\"dateModified\":\"2026-01-05T09:00:12+00:00\",\"breadcrumb\":{\"@id\":\"https:\\\/\\\/actugoodies.com\\\/#breadcrumb\"},\"inLanguage\":\"fr-FR\",\"potentialAction\":[{\"@type\":\"ReadAction\",\"target\":[\"https:\\\/\\\/actugoodies.com\\\/\"]}]},{\"@type\":\"BreadcrumbList\",\"@id\":\"https:\\\/\\\/actugoodies.com\\\/#breadcrumb\",\"itemListElement\":[{\"@type\":\"ListItem\",\"position\":1,\"name\":\"Accueil\",\"item\":\"https:\\\/\\\/actugoodies.com\\\/\"},{\"@type\":\"ListItem\",\"position\":2,\"name\":\"Actualit\u00e9s\"}]},{\"@type\":\"WebSite\",\"@id\":\"https:\\\/\\\/actugoodies.com\\\/#website\",\"url\":\"https:\\\/\\\/actugoodies.com\\\/\",\"name\":\"Actugoodies\",\"description\":\"ActuGoodies : Votre source num\u00e9ro un pour les tendances de l&#039;objet publicitaire!\",\"publisher\":{\"@id\":\"https:\\\/\\\/actugoodies.com\\\/#organization\"},\"potentialAction\":[{\"@type\":\"SearchAction\",\"target\":{\"@type\":\"EntryPoint\",\"urlTemplate\":\"https:\\\/\\\/actugoodies.com\\\/?s={search_term_string}\"},\"query-input\":{\"@type\":\"PropertyValueSpecification\",\"valueRequired\":true,\"valueName\":\"search_term_string\"}}],\"inLanguage\":\"fr-FR\"},{\"@type\":\"Organization\",\"@id\":\"https:\\\/\\\/actugoodies.com\\\/#organization\",\"name\":\"Actugoodies\",\"url\":\"https:\\\/\\\/actugoodies.com\\\/\",\"logo\":{\"@type\":\"ImageObject\",\"inLanguage\":\"fr-FR\",\"@id\":\"https:\\\/\\\/actugoodies.com\\\/#\\\/schema\\\/logo\\\/image\\\/\",\"url\":\"http:\\\/\\\/actugoodies.com\\\/wp-content\\\/uploads\\\/2024\\\/01\\\/LOGO_ACTUGOODIES_2024_V2-removebg-preview.png\",\"contentUrl\":\"http:\\\/\\\/actugoodies.com\\\/wp-content\\\/uploads\\\/2024\\\/01\\\/LOGO_ACTUGOODIES_2024_V2-removebg-preview.png\",\"width\":1024,\"height\":243,\"caption\":\"Actugoodies\"},\"image\":{\"@id\":\"https:\\\/\\\/actugoodies.com\\\/#\\\/schema\\\/logo\\\/image\\\/\"},\"sameAs\":[\"https:\\\/\\\/www.facebook.com\\\/mediatours?locale=fr_FR\",\"https:\\\/\\\/www.instagram.com\\\/cadeaucom\\\/\",\"https:\\\/\\\/www.linkedin.com\\\/company\\\/cadeaucom-objets-personnaliss\\\/\"]}]}<\/script>\n<!-- \/ Yoast SEO plugin. -->","yoast_head_json":{"title":"Actualit\u00e9s - Actugoodies","robots":{"index":"index","follow":"follow","max-snippet":"max-snippet:-1","max-image-preview":"max-image-preview:large","max-video-preview":"max-video-preview:-1"},"canonical":"https:\/\/actugoodies.com\/","og_locale":"fr_FR","og_type":"article","og_title":"Actualit\u00e9s - Actugoodies","og_description":"ACTUALIT\u00c9SBienvenue sur notre blog d\u00e9di\u00e9 aux goodies ! Explorez des tr\u00e9sors uniques, plongez dans l'univers des surprises et d\u00e9couvrez l'art de l'inattendu. Installez-vous confortablement, la magie commence ici ! Inscrivez-vous Abonnez-vous d\u00e8s maintenant pour recevoir en exclusivit\u00e9 nos derni\u00e8res actualit\u00e9s sur les diff\u00e9rents goodies directement dans votre bo\u00eete de r\u00e9ception. Soyez parmi les premiers \u00e0 [&hellip;]","og_url":"https:\/\/actugoodies.com\/","og_site_name":"Actugoodies","article_publisher":"https:\/\/www.facebook.com\/mediatours?locale=fr_FR","article_modified_time":"2026-01-05T09:00:12+00:00","twitter_card":"summary_large_image","twitter_misc":{"Dur\u00e9e de lecture estim\u00e9e":"6 minutes"},"schema":{"@context":"https:\/\/schema.org","@graph":[{"@type":"WebPage","@id":"https:\/\/actugoodies.com\/","url":"https:\/\/actugoodies.com\/","name":"Actualit\u00e9s - Actugoodies","isPartOf":{"@id":"https:\/\/actugoodies.com\/#website"},"datePublished":"2024-01-26T13:12:57+00:00","dateModified":"2026-01-05T09:00:12+00:00","breadcrumb":{"@id":"https:\/\/actugoodies.com\/#breadcrumb"},"inLanguage":"fr-FR","potentialAction":[{"@type":"ReadAction","target":["https:\/\/actugoodies.com\/"]}]},{"@type":"BreadcrumbList","@id":"https:\/\/actugoodies.com\/#breadcrumb","itemListElement":[{"@type":"ListItem","position":1,"name":"Accueil","item":"https:\/\/actugoodies.com\/"},{"@type":"ListItem","position":2,"name":"Actualit\u00e9s"}]},{"@type":"WebSite","@id":"https:\/\/actugoodies.com\/#website","url":"https:\/\/actugoodies.com\/","name":"Actugoodies","description":"ActuGoodies : Votre source num\u00e9ro un pour les tendances de l&#039;objet publicitaire!","publisher":{"@id":"https:\/\/actugoodies.com\/#organization"},"potentialAction":[{"@type":"SearchAction","target":{"@type":"EntryPoint","urlTemplate":"https:\/\/actugoodies.com\/?s={search_term_string}"},"query-input":{"@type":"PropertyValueSpecification","valueRequired":true,"valueName":"search_term_string"}}],"inLanguage":"fr-FR"},{"@type":"Organization","@id":"https:\/\/actugoodies.com\/#organization","name":"Actugoodies","url":"https:\/\/actugoodies.com\/","logo":{"@type":"ImageObject","inLanguage":"fr-FR","@id":"https:\/\/actugoodies.com\/#\/schema\/logo\/image\/","url":"http:\/\/actugoodies.com\/wp-content\/uploads\/2024\/01\/LOGO_ACTUGOODIES_2024_V2-removebg-preview.png","contentUrl":"http:\/\/actugoodies.com\/wp-content\/uploads\/2024\/01\/LOGO_ACTUGOODIES_2024_V2-removebg-preview.png","width":1024,"height":243,"caption":"Actugoodies"},"image":{"@id":"https:\/\/actugoodies.com\/#\/schema\/logo\/image\/"},"sameAs":["https:\/\/www.facebook.com\/mediatours?locale=fr_FR","https:\/\/www.instagram.com\/cadeaucom\/","https:\/\/www.linkedin.com\/company\/cadeaucom-objets-personnaliss\/"]}]}},"_links":{"self":[{"href":"https:\/\/actugoodies.com\/index.php?rest_route=\/wp\/v2\/pages\/19","targetHints":{"allow":["GET"]}}],"collection":[{"href":"https:\/\/actugoodies.com\/index.php?rest_route=\/wp\/v2\/pages"}],"about":[{"href":"https:\/\/actugoodies.com\/index.php?rest_route=\/wp\/v2\/types\/page"}],"author":[{"embeddable":true,"href":"https:\/\/actugoodies.com\/index.php?rest_route=\/wp\/v2\/users\/1"}],"replies":[{"embeddable":true,"href":"https:\/\/actugoodies.com\/index.php?rest_route=%2Fwp%2Fv2%2Fcomments&post=19"}],"version-history":[{"count":55,"href":"https:\/\/actugoodies.com\/index.php?rest_route=\/wp\/v2\/pages\/19\/revisions"}],"predecessor-version":[{"id":1962,"href":"https:\/\/actugoodies.com\/index.php?rest_route=\/wp\/v2\/pages\/19\/revisions\/1962"}],"wp:attachment":[{"href":"https:\/\/actugoodies.com\/index.php?rest_route=%2Fwp%2Fv2%2Fmedia&parent=19"}],"curies":[{"name":"wp","href":"https:\/\/api.w.org\/{rel}","templated":true}]}}