{"id":561,"date":"2024-02-06T17:34:11","date_gmt":"2024-02-06T16:34:11","guid":{"rendered":"https:\/\/actugoodies.com\/?page_id=561"},"modified":"2024-02-08T17:32:28","modified_gmt":"2024-02-08T16:32:28","slug":"quest-ce-quun-goodies-4","status":"publish","type":"page","link":"https:\/\/actugoodies.com\/?page_id=561","title":{"rendered":"Qu&rsquo;est ce qu&rsquo;un Goodies ?"},"content":{"rendered":"<p>[et_pb_section fb_built=\u00a0\u00bb1&Prime; _builder_version=\u00a0\u00bb4.24.0&Prime; _module_preset=\u00a0\u00bbdefault\u00a0\u00bb global_colors_info=\u00a0\u00bb{}\u00a0\u00bb][et_pb_row column_structure=\u00a0\u00bb1_2,1_2&Prime; _builder_version=\u00a0\u00bb4.24.0&Prime; _module_preset=\u00a0\u00bbdefault\u00a0\u00bb custom_padding=\u00a0\u00bb0px|||||\u00a0\u00bb global_colors_info=\u00a0\u00bb{}\u00a0\u00bb][et_pb_column type=\u00a0\u00bb1_2&Prime; _builder_version=\u00a0\u00bb4.24.0&Prime; _module_preset=\u00a0\u00bbdefault\u00a0\u00bb global_colors_info=\u00a0\u00bb{}\u00a0\u00bb][et_pb_text _builder_version=\u00a0\u00bb4.24.0&Prime; _module_preset=\u00a0\u00bbdefault\u00a0\u00bb global_colors_info=\u00a0\u00bb{}\u00a0\u00bb]<\/p>\n<h5 style=\"text-align: center;\"><strong>Qu&rsquo;est-ce qu&rsquo;un Goodies ?\u00a0<\/strong><\/h5>\n<p style=\"text-align: left;\">L&rsquo;utilisation de goodies en tant qu&rsquo;objets promotionnels remonte au d\u00e9but du 20e si\u00e8cle. Cependant, leur popularit\u00e9 et leur utilisation \u00e0 grande \u00e9chelle pour le marketing ont connu une croissance significative \u00e0 partir des ann\u00e9es 1950 et 1960, avec le d\u00e9veloppement de l&rsquo;industrie de la publicit\u00e9 et du marketing.<\/p>\n<p style=\"text-align: left;\"><span>Ces articles promotionnels, arborant le logo ou le message d&rsquo;une entreprise, <\/span>initialement distribu\u00e9s lors d&rsquo;\u00e9v\u00e9nements sont d\u00e9sormais int\u00e9gr\u00e9s aux strat\u00e9gies marketing quotidiennes, \u00e9largissant leur utilisation au-del\u00e0 des occasions sp\u00e9ciales.<\/p>\n<p style=\"text-align: left;\"><span>La vari\u00e9t\u00e9 des goodies disponibles s&rsquo;est \u00e9largie pour inclure une gamme diversifi\u00e9e d&rsquo;articles, adapt\u00e9s \u00e0 diff\u00e9rents publics cibles et occasions promotionnelles. De plus, la personnalisation des goodies est devenue une tendance importante, permettant aux entreprises de cr\u00e9er des articles uniques et m\u00e9morables.<\/span><\/p>\n<div class=\"flex-1 overflow-hidden\">\n<div class=\"react-scroll-to-bottom--css-ushou-79elbk h-full\">\n<div class=\"react-scroll-to-bottom--css-ushou-1n7m0yu\">\n<div class=\"flex flex-col pb-9 text-sm\">\n<div class=\"w-full text-token-text-primary\" data-testid=\"conversation-turn-13\">\n<div class=\"px-4 py-2 justify-center text-base md:gap-6 m-auto\">\n<div class=\"flex flex-1 text-base mx-auto gap-3 md:px-5 lg:px-1 xl:px-5 md:max-w-3xl lg:max-w-[40rem] xl:max-w-[48rem] group final-completion\">\n<div class=\"relative flex w-full flex-col lg:w-[calc(100%-115px)] agent-turn\">\n<div class=\"flex-col gap-1 md:gap-3\">\n<div class=\"mt-1 flex justify-start gap-3 empty:hidden\">\n<div class=\"text-gray-400 flex self-end lg:self-center justify-center lg:justify-start mt-0 -ml-1 visible\">\n<div class=\"flex\"><\/div>\n<\/div>\n<\/div>\n<\/div>\n<\/div>\n<\/div>\n<\/div>\n<\/div>\n<\/div>\n<\/div>\n<\/div>\n<\/div>\n<p>[\/et_pb_text][\/et_pb_column][et_pb_column type=\u00a0\u00bb1_2&Prime; _builder_version=\u00a0\u00bb4.24.0&Prime; _module_preset=\u00a0\u00bbdefault\u00a0\u00bb global_colors_info=\u00a0\u00bb{}\u00a0\u00bb][et_pb_image src=\u00a0\u00bbhttps:\/\/actugoodies.com\/wp-content\/uploads\/2024\/02\/1.jpg\u00a0\u00bb title_text=\u00a0\u00bb1&Prime; _builder_version=\u00a0\u00bb4.24.0&Prime; _module_preset=\u00a0\u00bbdefault\u00a0\u00bb global_colors_info=\u00a0\u00bb{}\u00a0\u00bb][\/et_pb_image][\/et_pb_column][\/et_pb_row][et_pb_row column_structure=\u00a0\u00bb1_2,1_2&Prime; _builder_version=\u00a0\u00bb4.24.0&Prime; _module_preset=\u00a0\u00bbdefault\u00a0\u00bb global_colors_info=\u00a0\u00bb{}\u00a0\u00bb][et_pb_column type=\u00a0\u00bb1_2&Prime; _builder_version=\u00a0\u00bb4.24.0&Prime; _module_preset=\u00a0\u00bbdefault\u00a0\u00bb global_colors_info=\u00a0\u00bb{}\u00a0\u00bb][et_pb_image src=\u00a0\u00bbhttps:\/\/actugoodies.com\/wp-content\/uploads\/2024\/02\/XD-Connects_brand_page_VINGA_2.jpg\u00a0\u00bb title_text=\u00a0\u00bbXD Connects_brand_page_VINGA_2&Prime; _builder_version=\u00a0\u00bb4.24.0&Prime; _module_preset=\u00a0\u00bbdefault\u00a0\u00bb custom_margin=\u00a0\u00bb60px||||false|false\u00a0\u00bb global_colors_info=\u00a0\u00bb{}\u00a0\u00bb][\/et_pb_image][\/et_pb_column][et_pb_column type=\u00a0\u00bb1_2&Prime; _builder_version=\u00a0\u00bb4.24.0&Prime; _module_preset=\u00a0\u00bbdefault\u00a0\u00bb global_colors_info=\u00a0\u00bb{}\u00a0\u00bb][et_pb_text _builder_version=\u00a0\u00bb4.24.0&Prime; _module_preset=\u00a0\u00bbdefault\u00a0\u00bb global_colors_info=\u00a0\u00bb{}\u00a0\u00bb]<\/p>\n<h5 style=\"text-align: center;\"><strong>Pourquoi offrir des goodies ?<\/strong><\/h5>\n<p>Offrir des goodies personnalis\u00e9s avec votre logo est essentiel pour cr\u00e9er et entretenir des relations durables avec vos clients. Ces cadeaux, m\u00eame s&rsquo;ils repr\u00e9sentent un investissement, marquent les esprits et suscitent une bonne perception de votre entreprise. Selon la F\u00e9d\u00e9ration 2FPCO, 97% des personnes ayant re\u00e7u un objet promotionnel ont une perception positive, et 66% les utilisent r\u00e9guli\u00e8rement pendant 1 \u00e0 5 ans.<\/p>\n<p>Les goodies, tels que les articles d&rsquo;\u00e9criture, de papeterie, et les objets informatiques, sont des supports publicitaires efficaces, repr\u00e9sentant un march\u00e9 de 1,5 milliard d&rsquo;euros en France.\u00a0<\/p>\n<p>En r\u00e9sum\u00e9, offrir des goodies est crucial pour renforcer la notori\u00e9t\u00e9 de votre entreprise, cr\u00e9er une relation privil\u00e9gi\u00e9e avec vos clients, et v\u00e9hiculer vos valeurs de mani\u00e8re positive. C&rsquo;est un moyen abordable et durable de rester dans la m\u00e9moire de votre audience tout en exprimant g\u00e9n\u00e9rosit\u00e9 et consid\u00e9ration.<\/p>\n<p>[\/et_pb_text][\/et_pb_column][\/et_pb_row][et_pb_row column_structure=\u00a0\u00bb1_2,1_2&Prime; _builder_version=\u00a0\u00bb4.24.0&Prime; _module_preset=\u00a0\u00bbdefault\u00a0\u00bb global_colors_info=\u00a0\u00bb{}\u00a0\u00bb][et_pb_column type=\u00a0\u00bb1_2&Prime; _builder_version=\u00a0\u00bb4.24.0&Prime; _module_preset=\u00a0\u00bbdefault\u00a0\u00bb global_colors_info=\u00a0\u00bb{}\u00a0\u00bb][et_pb_text _builder_version=\u00a0\u00bb4.24.0&Prime; _module_preset=\u00a0\u00bbdefault\u00a0\u00bb global_colors_info=\u00a0\u00bb{}\u00a0\u00bb]<\/p>\n<h5 style=\"text-align: center;\"><strong>Quand offrir des Goodies ?\u00a0<\/strong><\/h5>\n<p style=\"text-align: left;\">Offrir des goodies personnalis\u00e9s est opportun lors d&rsquo;\u00e9v\u00e9nements d&rsquo;entreprise, repr\u00e9sentant 40% des occasions propices. Choisissez des moments cl\u00e9s, tels que la fin d&rsquo;apr\u00e8s-midi, pour assurer une visibilit\u00e9 maximale. Les goodies ne sont pas seulement des outils de prospection, mais aussi des moyens de r\u00e9compenser la fid\u00e9lit\u00e9, notamment avec des objets plus originaux.<\/p>\n<p>Le timing est crucial, avec des occasions comme les f\u00eates de fin d&rsquo;ann\u00e9e, les anniversaires d&rsquo;entreprise, ou m\u00eame des \u00e9v\u00e9nements personnels des collaborateurs. Selon la F\u00e9d\u00e9ration fran\u00e7aise de la Communication par l&rsquo;Objet, pr\u00e8s de 9 personnes sur 10 conservent un objet publicitaire, soulignant l&rsquo;impact durable des goodies.<\/p>\n<p>Privil\u00e9giez des \u00e9v\u00e9nements marquants, qu&rsquo;ils soient internes ou externes, mais \u00e9vitez de distribuer des goodies lors de moments tendus comme les n\u00e9gociations. Le choix r\u00e9fl\u00e9chi du moment et de l&rsquo;occasion accro\u00eet l&rsquo;efficacit\u00e9 de vos goodies, renfor\u00e7ant votre image de marque et votre strat\u00e9gie de communication.<\/p>\n<p>[\/et_pb_text][\/et_pb_column][et_pb_column type=\u00a0\u00bb1_2&Prime; _builder_version=\u00a0\u00bb4.24.0&Prime; _module_preset=\u00a0\u00bbdefault\u00a0\u00bb global_colors_info=\u00a0\u00bb{}\u00a0\u00bb][et_pb_image src=\u00a0\u00bbhttps:\/\/actugoodies.com\/wp-content\/uploads\/2024\/02\/Capture-decran-2024-02-07-164852.png\u00a0\u00bb title_text=\u00a0\u00bbCapture d&rsquo;\u00e9cran 2024-02-07 164852&Prime; _builder_version=\u00a0\u00bb4.24.0&Prime; _module_preset=\u00a0\u00bbdefault\u00a0\u00bb border_width_all=\u00a0\u00bb1px\u00a0\u00bb border_color_all=\u00a0\u00bb#ededed\u00a0\u00bb global_colors_info=\u00a0\u00bb{}\u00a0\u00bb][\/et_pb_image][\/et_pb_column][\/et_pb_row][\/et_pb_section]<\/p>\n","protected":false},"excerpt":{"rendered":"<p>Qu&rsquo;est-ce qu&rsquo;un Goodies ?\u00a0 L&rsquo;utilisation de goodies en tant qu&rsquo;objets promotionnels remonte au d\u00e9but du 20e si\u00e8cle. Cependant, leur popularit\u00e9 et leur utilisation \u00e0 grande \u00e9chelle pour le marketing ont connu une croissance significative \u00e0 partir des ann\u00e9es 1950 et 1960, avec le d\u00e9veloppement de l&rsquo;industrie de la publicit\u00e9 et du marketing. Ces articles promotionnels, [&hellip;]<\/p>\n","protected":false},"author":1,"featured_media":0,"parent":0,"menu_order":0,"comment_status":"closed","ping_status":"closed","template":"","meta":{"_et_pb_use_builder":"on","_et_pb_old_content":"","_et_gb_content_width":"","footnotes":""},"class_list":["post-561","page","type-page","status-publish","hentry"],"yoast_head":"<!-- This site is optimized with the Yoast SEO plugin v27.4 - https:\/\/yoast.com\/product\/yoast-seo-wordpress\/ -->\n<title>Qu&#039;est ce qu&#039;un Goodies ? - Actugoodies<\/title>\n<meta name=\"robots\" content=\"index, follow, max-snippet:-1, max-image-preview:large, max-video-preview:-1\" \/>\n<link rel=\"canonical\" href=\"https:\/\/actugoodies.com\/?page_id=561\" \/>\n<meta property=\"og:locale\" content=\"fr_FR\" \/>\n<meta property=\"og:type\" content=\"article\" \/>\n<meta property=\"og:title\" content=\"Qu&#039;est ce qu&#039;un Goodies ? - Actugoodies\" \/>\n<meta property=\"og:description\" content=\"Qu&#039;est-ce qu&#039;un Goodies ?\u00a0 L&#039;utilisation de goodies en tant qu&#039;objets promotionnels remonte au d\u00e9but du 20e si\u00e8cle. Cependant, leur popularit\u00e9 et leur utilisation \u00e0 grande \u00e9chelle pour le marketing ont connu une croissance significative \u00e0 partir des ann\u00e9es 1950 et 1960, avec le d\u00e9veloppement de l&#039;industrie de la publicit\u00e9 et du marketing. Ces articles promotionnels, [&hellip;]\" \/>\n<meta property=\"og:url\" content=\"https:\/\/actugoodies.com\/?page_id=561\" \/>\n<meta property=\"og:site_name\" content=\"Actugoodies\" \/>\n<meta property=\"article:publisher\" content=\"https:\/\/www.facebook.com\/mediatours?locale=fr_FR\" \/>\n<meta property=\"article:modified_time\" content=\"2024-02-08T16:32:28+00:00\" \/>\n<meta name=\"twitter:card\" content=\"summary_large_image\" \/>\n<script type=\"application\/ld+json\" class=\"yoast-schema-graph\">{\"@context\":\"https:\\\/\\\/schema.org\",\"@graph\":[{\"@type\":\"WebPage\",\"@id\":\"https:\\\/\\\/actugoodies.com\\\/?page_id=561\",\"url\":\"https:\\\/\\\/actugoodies.com\\\/?page_id=561\",\"name\":\"Qu'est ce qu'un Goodies ? - Actugoodies\",\"isPartOf\":{\"@id\":\"https:\\\/\\\/actugoodies.com\\\/#website\"},\"datePublished\":\"2024-02-06T16:34:11+00:00\",\"dateModified\":\"2024-02-08T16:32:28+00:00\",\"breadcrumb\":{\"@id\":\"https:\\\/\\\/actugoodies.com\\\/?page_id=561#breadcrumb\"},\"inLanguage\":\"fr-FR\",\"potentialAction\":[{\"@type\":\"ReadAction\",\"target\":[\"https:\\\/\\\/actugoodies.com\\\/?page_id=561\"]}]},{\"@type\":\"BreadcrumbList\",\"@id\":\"https:\\\/\\\/actugoodies.com\\\/?page_id=561#breadcrumb\",\"itemListElement\":[{\"@type\":\"ListItem\",\"position\":1,\"name\":\"Accueil\",\"item\":\"https:\\\/\\\/actugoodies.com\\\/\"},{\"@type\":\"ListItem\",\"position\":2,\"name\":\"Qu&rsquo;est ce qu&rsquo;un Goodies ?\"}]},{\"@type\":\"WebSite\",\"@id\":\"https:\\\/\\\/actugoodies.com\\\/#website\",\"url\":\"https:\\\/\\\/actugoodies.com\\\/\",\"name\":\"Actugoodies\",\"description\":\"ActuGoodies : Votre source num\u00e9ro un pour les tendances de l&#039;objet publicitaire!\",\"publisher\":{\"@id\":\"https:\\\/\\\/actugoodies.com\\\/#organization\"},\"potentialAction\":[{\"@type\":\"SearchAction\",\"target\":{\"@type\":\"EntryPoint\",\"urlTemplate\":\"https:\\\/\\\/actugoodies.com\\\/?s={search_term_string}\"},\"query-input\":{\"@type\":\"PropertyValueSpecification\",\"valueRequired\":true,\"valueName\":\"search_term_string\"}}],\"inLanguage\":\"fr-FR\"},{\"@type\":\"Organization\",\"@id\":\"https:\\\/\\\/actugoodies.com\\\/#organization\",\"name\":\"Actugoodies\",\"url\":\"https:\\\/\\\/actugoodies.com\\\/\",\"logo\":{\"@type\":\"ImageObject\",\"inLanguage\":\"fr-FR\",\"@id\":\"https:\\\/\\\/actugoodies.com\\\/#\\\/schema\\\/logo\\\/image\\\/\",\"url\":\"http:\\\/\\\/actugoodies.com\\\/wp-content\\\/uploads\\\/2024\\\/01\\\/LOGO_ACTUGOODIES_2024_V2-removebg-preview.png\",\"contentUrl\":\"http:\\\/\\\/actugoodies.com\\\/wp-content\\\/uploads\\\/2024\\\/01\\\/LOGO_ACTUGOODIES_2024_V2-removebg-preview.png\",\"width\":1024,\"height\":243,\"caption\":\"Actugoodies\"},\"image\":{\"@id\":\"https:\\\/\\\/actugoodies.com\\\/#\\\/schema\\\/logo\\\/image\\\/\"},\"sameAs\":[\"https:\\\/\\\/www.facebook.com\\\/mediatours?locale=fr_FR\",\"https:\\\/\\\/www.instagram.com\\\/cadeaucom\\\/\",\"https:\\\/\\\/www.linkedin.com\\\/company\\\/cadeaucom-objets-personnaliss\\\/\"]}]}<\/script>\n<!-- \/ Yoast SEO plugin. -->","yoast_head_json":{"title":"Qu'est ce qu'un Goodies ? - Actugoodies","robots":{"index":"index","follow":"follow","max-snippet":"max-snippet:-1","max-image-preview":"max-image-preview:large","max-video-preview":"max-video-preview:-1"},"canonical":"https:\/\/actugoodies.com\/?page_id=561","og_locale":"fr_FR","og_type":"article","og_title":"Qu'est ce qu'un Goodies ? - Actugoodies","og_description":"Qu'est-ce qu'un Goodies ?\u00a0 L'utilisation de goodies en tant qu'objets promotionnels remonte au d\u00e9but du 20e si\u00e8cle. Cependant, leur popularit\u00e9 et leur utilisation \u00e0 grande \u00e9chelle pour le marketing ont connu une croissance significative \u00e0 partir des ann\u00e9es 1950 et 1960, avec le d\u00e9veloppement de l'industrie de la publicit\u00e9 et du marketing. Ces articles promotionnels, [&hellip;]","og_url":"https:\/\/actugoodies.com\/?page_id=561","og_site_name":"Actugoodies","article_publisher":"https:\/\/www.facebook.com\/mediatours?locale=fr_FR","article_modified_time":"2024-02-08T16:32:28+00:00","twitter_card":"summary_large_image","schema":{"@context":"https:\/\/schema.org","@graph":[{"@type":"WebPage","@id":"https:\/\/actugoodies.com\/?page_id=561","url":"https:\/\/actugoodies.com\/?page_id=561","name":"Qu'est ce qu'un Goodies ? - Actugoodies","isPartOf":{"@id":"https:\/\/actugoodies.com\/#website"},"datePublished":"2024-02-06T16:34:11+00:00","dateModified":"2024-02-08T16:32:28+00:00","breadcrumb":{"@id":"https:\/\/actugoodies.com\/?page_id=561#breadcrumb"},"inLanguage":"fr-FR","potentialAction":[{"@type":"ReadAction","target":["https:\/\/actugoodies.com\/?page_id=561"]}]},{"@type":"BreadcrumbList","@id":"https:\/\/actugoodies.com\/?page_id=561#breadcrumb","itemListElement":[{"@type":"ListItem","position":1,"name":"Accueil","item":"https:\/\/actugoodies.com\/"},{"@type":"ListItem","position":2,"name":"Qu&rsquo;est ce qu&rsquo;un Goodies ?"}]},{"@type":"WebSite","@id":"https:\/\/actugoodies.com\/#website","url":"https:\/\/actugoodies.com\/","name":"Actugoodies","description":"ActuGoodies : Votre source num\u00e9ro un pour les tendances de l&#039;objet publicitaire!","publisher":{"@id":"https:\/\/actugoodies.com\/#organization"},"potentialAction":[{"@type":"SearchAction","target":{"@type":"EntryPoint","urlTemplate":"https:\/\/actugoodies.com\/?s={search_term_string}"},"query-input":{"@type":"PropertyValueSpecification","valueRequired":true,"valueName":"search_term_string"}}],"inLanguage":"fr-FR"},{"@type":"Organization","@id":"https:\/\/actugoodies.com\/#organization","name":"Actugoodies","url":"https:\/\/actugoodies.com\/","logo":{"@type":"ImageObject","inLanguage":"fr-FR","@id":"https:\/\/actugoodies.com\/#\/schema\/logo\/image\/","url":"http:\/\/actugoodies.com\/wp-content\/uploads\/2024\/01\/LOGO_ACTUGOODIES_2024_V2-removebg-preview.png","contentUrl":"http:\/\/actugoodies.com\/wp-content\/uploads\/2024\/01\/LOGO_ACTUGOODIES_2024_V2-removebg-preview.png","width":1024,"height":243,"caption":"Actugoodies"},"image":{"@id":"https:\/\/actugoodies.com\/#\/schema\/logo\/image\/"},"sameAs":["https:\/\/www.facebook.com\/mediatours?locale=fr_FR","https:\/\/www.instagram.com\/cadeaucom\/","https:\/\/www.linkedin.com\/company\/cadeaucom-objets-personnaliss\/"]}]}},"_links":{"self":[{"href":"https:\/\/actugoodies.com\/index.php?rest_route=\/wp\/v2\/pages\/561","targetHints":{"allow":["GET"]}}],"collection":[{"href":"https:\/\/actugoodies.com\/index.php?rest_route=\/wp\/v2\/pages"}],"about":[{"href":"https:\/\/actugoodies.com\/index.php?rest_route=\/wp\/v2\/types\/page"}],"author":[{"embeddable":true,"href":"https:\/\/actugoodies.com\/index.php?rest_route=\/wp\/v2\/users\/1"}],"replies":[{"embeddable":true,"href":"https:\/\/actugoodies.com\/index.php?rest_route=%2Fwp%2Fv2%2Fcomments&post=561"}],"version-history":[{"count":6,"href":"https:\/\/actugoodies.com\/index.php?rest_route=\/wp\/v2\/pages\/561\/revisions"}],"predecessor-version":[{"id":671,"href":"https:\/\/actugoodies.com\/index.php?rest_route=\/wp\/v2\/pages\/561\/revisions\/671"}],"wp:attachment":[{"href":"https:\/\/actugoodies.com\/index.php?rest_route=%2Fwp%2Fv2%2Fmedia&parent=561"}],"curies":[{"name":"wp","href":"https:\/\/api.w.org\/{rel}","templated":true}]}}