{"id":600,"date":"2024-02-08T11:53:14","date_gmt":"2024-02-08T10:53:14","guid":{"rendered":"https:\/\/actugoodies.com\/?page_id=600"},"modified":"2026-01-08T11:00:10","modified_gmt":"2026-01-08T10:00:10","slug":"les-tendances-actuelles","status":"publish","type":"page","link":"https:\/\/actugoodies.com\/?page_id=600","title":{"rendered":"Les tendances actuelles"},"content":{"rendered":"<p>[et_pb_section fb_built=\u00a0\u00bb1&Prime; _builder_version=\u00a0\u00bb4.24.0&Prime; _module_preset=\u00a0\u00bbdefault\u00a0\u00bb global_colors_info=\u00a0\u00bb{}\u00a0\u00bb][et_pb_row _builder_version=\u00a0\u00bb4.24.0&Prime; _module_preset=\u00a0\u00bbdefault\u00a0\u00bb global_colors_info=\u00a0\u00bb{}\u00a0\u00bb][et_pb_column type=\u00a0\u00bb4_4&Prime; _builder_version=\u00a0\u00bb4.24.0&Prime; _module_preset=\u00a0\u00bbdefault\u00a0\u00bb global_colors_info=\u00a0\u00bb{}\u00a0\u00bb][et_pb_text _builder_version=\u00a0\u00bb4.24.0&Prime; _module_preset=\u00a0\u00bbdefault\u00a0\u00bb global_colors_info=\u00a0\u00bb{}\u00a0\u00bb]<\/p>\n<p style=\"text-align: center;\"><strong>En 2026, les tendances d&rsquo;achats en objets personnalisables pour les entreprises refl\u00e8tent un fort engagement envers l&rsquo;\u00e9cologie, la connectivit\u00e9, le bien-\u00eatre et la qualit\u00e9. Les entreprises cherchent \u00e0 aligner leurs choix de goodies avec des valeurs durables et responsables, tout en offrant des articles qui sont \u00e0 la fois pratiques et innovants.<\/strong><\/p>\n<p>[\/et_pb_text][\/et_pb_column][\/et_pb_row][\/et_pb_section][et_pb_section fb_built=\u00a0\u00bb1&Prime; _builder_version=\u00a0\u00bb4.24.0&Prime; _module_preset=\u00a0\u00bbdefault\u00a0\u00bb background_color=\u00a0\u00bbRGBA(255,255,255,0)\u00a0\u00bb global_colors_info=\u00a0\u00bb{}\u00a0\u00bb][et_pb_row column_structure=\u00a0\u00bb1_2,1_2&Prime; _builder_version=\u00a0\u00bb4.24.0&Prime; _module_preset=\u00a0\u00bbdefault\u00a0\u00bb global_colors_info=\u00a0\u00bb{}\u00a0\u00bb][et_pb_column type=\u00a0\u00bb1_2&Prime; _builder_version=\u00a0\u00bb4.24.0&Prime; _module_preset=\u00a0\u00bbdefault\u00a0\u00bb global_colors_info=\u00a0\u00bb{}\u00a0\u00bb][et_pb_image src=\u00a0\u00bbhttps:\/\/actugoodies.com\/wp-content\/uploads\/2024\/02\/20736-000-21.jpg\u00a0\u00bb title_text=\u00a0\u00bb20736-000-21&Prime; _builder_version=\u00a0\u00bb4.24.0&Prime; _module_preset=\u00a0\u00bbdefault\u00a0\u00bb custom_margin=\u00a0\u00bb-20px||||false|false\u00a0\u00bb global_colors_info=\u00a0\u00bb{}\u00a0\u00bb][\/et_pb_image][et_pb_text _builder_version=\u00a0\u00bb4.24.0&Prime; _module_preset=\u00a0\u00bbdefault\u00a0\u00bb global_colors_info=\u00a0\u00bb{}\u00a0\u00bb]<\/p>\n<h5><strong>2- Goodies innovants<\/strong><\/h5>\n<p>Dans le monde captivant des actualit\u00e9s high-tech, chaque jour apporte son lot de gadgets r\u00e9volutionnaires et de concepts novateurs qui suscitent l&rsquo;\u00e9merveillement et stimulent l&rsquo;imagination. Que ce soit les chargeurs solaires portables, les carnets de notes intelligents, ou les enceintes Bluetooth multifonction, ces goodies repoussent les limites de la cr\u00e9ativit\u00e9. Ils incarnent l&rsquo;esprit de l&rsquo;innovation, transformant le quotidien en une aventure moderne.<\/p>\n<p>\u00c0 la recherche de l&rsquo;ultime exp\u00e9rience auditive ? Ne cherchez plus, d\u00e9couvrez\u00a0 <strong>les \u00e9couteurs anti bruit avec \u00e9tui de charge<\/strong> sont \u00e0 la pointe de la technologie, offrant une immersion musicale exceptionnelle tout en vous isolant du bruit ext\u00e9rieur. Ces \u00e9couteurs r\u00e9volutionnaires sont \u00e9quip\u00e9s d&rsquo;un \u00e9cran pratique, vous permettant de contr\u00f4ler facilement tous les param\u00e8tres sans sortir votre t\u00e9l\u00e9phone. Ajustez les niveaux audio, g\u00e9rez vos appels et la lecture, et choisissez entre les modes Ambiant\/ANC, le tout \u00e0 port\u00e9e de main. Fini les recherches dans votre sac, tout est d\u00e9sormais personnalisable avec votre logo directement sur l&rsquo;\u00e9cran. Adoptez la tendance 2026 avec les goodies qui transforment chaque interaction en une exp\u00e9rience futuriste et personnalis\u00e9e.<\/p>\n<p>[\/et_pb_text][et_pb_image src=\u00a0\u00bbhttps:\/\/actugoodies.com\/wp-content\/uploads\/2024\/02\/IDG97-Carte-stick-bois_6305.jpg\u00a0\u00bb title_text=\u00a0\u00bbIDG97-Carte-stick-bois_6305&Prime; _builder_version=\u00a0\u00bb4.24.0&Prime; _module_preset=\u00a0\u00bbdefault\u00a0\u00bb global_colors_info=\u00a0\u00bb{}\u00a0\u00bb][\/et_pb_image][\/et_pb_column][et_pb_column type=\u00a0\u00bb1_2&Prime; _builder_version=\u00a0\u00bb4.24.0&Prime; _module_preset=\u00a0\u00bbdefault\u00a0\u00bb global_colors_info=\u00a0\u00bb{}\u00a0\u00bb][et_pb_text _builder_version=\u00a0\u00bb4.24.0&Prime; _module_preset=\u00a0\u00bbdefault\u00a0\u00bb custom_margin=\u00a0\u00bb40px||||false|false\u00a0\u00bb global_colors_info=\u00a0\u00bb{}\u00a0\u00bb]<\/p>\n<h5><strong>1- Goodies bien \u00eatre et sant\u00e9\u00a0<\/strong><\/h5>\n<p><span>La sant\u00e9 et le bien-\u00eatre sont \u00e9galement au centre des pr\u00e9occupations. Gourdes, trousses de premiers secours et accessoires de fitness sont des choix populaires pour promouvoir un mode de vie sain chez les clients et les employ\u00e9s. Ces goodies refl\u00e8tent une prise de conscience croissante de l&rsquo;importance de la sant\u00e9 physique et mentale dans la vie quotidienne.<\/span><\/p>\n<div class=\"flex-1 overflow-hidden\">\n<div class=\"react-scroll-to-bottom--css-gkmzu-79elbk h-full\">\n<div class=\"react-scroll-to-bottom--css-gkmzu-1n7m0yu\">\n<div class=\"flex flex-col pb-9 text-sm\">\n<div class=\"w-full text-token-text-primary\" data-testid=\"conversation-turn-27\">\n<div class=\"px-4 py-2 justify-center text-base md:gap-6 m-auto\">\n<div class=\"flex flex-1 text-base mx-auto gap-3 md:px-5 lg:px-1 xl:px-5 md:max-w-3xl lg:max-w-[40rem] xl:max-w-[48rem] group final-completion\">\n<div class=\"relative flex w-full flex-col lg:w-[calc(100%-115px)] agent-turn\">\n<div class=\"flex-col gap-1 md:gap-3\">\n<div class=\"flex flex-grow flex-col max-w-full\">\n<div data-message-author-role=\"assistant\" data-message-id=\"4ee21343-0be7-4e4f-a029-5bf2844f7bb0\" class=\"min-h-[20px] text-message flex flex-col items-start gap-3 whitespace-pre-wrap break-words [.text-message+&amp;]:mt-5 overflow-x-auto\">\n<div class=\"markdown prose w-full break-words dark:prose-invert light\">\n<p>&nbsp;<\/p>\n<p>Explorez cette gamme avec par exemple la <strong>gourde rafra\u00eechissante 600 ml avec vaporisateur.<\/strong> Parfaitement con\u00e7ue pour une hydratation optimale, cette gourde transparente int\u00e8gre un vaporisateur dans son bouchon, ajoutant une touche innovante. Id\u00e9ale pour les journ\u00e9es actives, elle assure une exp\u00e9rience de bien-\u00eatre au quotidien. Pratique avec son doseur et son bouchon \u00e9tanche, elle se pr\u00e9sente individuellement dans une bo\u00eete au design kraft. Optez pour le confort et la fra\u00eecheur avec cette gourde, un indispensable de la gamme bien-\u00eatre.<\/p>\n<\/div>\n<\/div>\n<\/div>\n<div class=\"mt-1 flex justify-start gap-3 empty:hidden\">\n<div class=\"text-gray-400 flex self-end lg:self-center justify-center lg:justify-start mt-0 -ml-1 visible\">\n<div class=\"flex\"><\/div>\n<\/div>\n<\/div>\n<\/div>\n<\/div>\n<\/div>\n<\/div>\n<\/div>\n<\/div>\n<\/div>\n<\/div>\n<\/div>\n<p>[\/et_pb_text][et_pb_image src=\u00a0\u00bbhttps:\/\/actugoodies.com\/wp-content\/uploads\/2024\/02\/casque-sans-fil-bluetooth.png\u00a0\u00bb title_text=\u00a0\u00bbcasque-sans-fil-bluetooth\u00a0\u00bb _builder_version=\u00a0\u00bb4.24.0&Prime; _module_preset=\u00a0\u00bbdefault\u00a0\u00bb global_colors_info=\u00a0\u00bb{}\u00a0\u00bb][\/et_pb_image][et_pb_text _builder_version=\u00a0\u00bb4.24.0&Prime; _module_preset=\u00a0\u00bbdefault\u00a0\u00bb custom_margin=\u00a0\u00bb125px||||false|false\u00a0\u00bb global_colors_info=\u00a0\u00bb{}\u00a0\u00bb]<\/p>\n<h5><strong>3- Goodies \u00e9cologiques\u00a0<\/strong><\/h5>\n<p>En 2026, les goodies \u00e9cologiques ne sont plus simplement des articles promotionnels, mais des symboles forts d&rsquo;engagement envers la durabilit\u00e9. Les entreprises optent pour des sacs en toile, des bouteilles r\u00e9utilisables et des mat\u00e9riaux recycl\u00e9s pour r\u00e9duire leur impact environnemental. Cette tendance refl\u00e8te une \u00e9volution significative vers des choix \u00e9thiques, r\u00e9pondant aux attentes croissantes des consommateurs en mati\u00e8re de responsabilit\u00e9 environnementale. Choisir des goodies \u00e9cologiques en 2026 devient ainsi une d\u00e9claration concr\u00e8te en faveur d&rsquo;un avenir plus durable.<\/p>\n<p>Prenons par exemple le <strong>\u00ab\u00a0Stick bois \u00e0 graines en carte\u00a0\u00bb.<\/strong> Cette carte va au-del\u00e0 du simple message de v\u0153ux en int\u00e9grant des graines \u00e0 planter. En offrant une exp\u00e9rience interactive, elle incite les clients \u00e0 participer \u00e0 une initiative \u00e9cologique et m\u00e9morable.<\/p>\n<p>[\/et_pb_text][\/et_pb_column][\/et_pb_row][et_pb_row column_structure=\u00a0\u00bb1_2,1_2&Prime; _builder_version=\u00a0\u00bb4.24.0&Prime; _module_preset=\u00a0\u00bbdefault\u00a0\u00bb global_colors_info=\u00a0\u00bb{}\u00a0\u00bb][et_pb_column type=\u00a0\u00bb1_2&Prime; _builder_version=\u00a0\u00bb4.24.0&Prime; _module_preset=\u00a0\u00bbdefault\u00a0\u00bb global_colors_info=\u00a0\u00bb{}\u00a0\u00bb][et_pb_text _builder_version=\u00a0\u00bb4.24.0&Prime; _module_preset=\u00a0\u00bbdefault\u00a0\u00bb custom_margin=\u00a0\u00bb60px||||false|false\u00a0\u00bb global_colors_info=\u00a0\u00bb{}\u00a0\u00bb]<\/p>\n<h5><strong>4- Goodies connect\u00e9s<\/strong><span>\u00a0<\/span><\/h5>\n<p><span>Les objets connect\u00e9s continuent d&rsquo;\u00eatre tr\u00e8s pris\u00e9s. Des cl\u00e9s USB personnalis\u00e9es aux chargeurs de t\u00e9l\u00e9phone portable, en passant par les haut-parleurs Bluetooth et les bracelets connect\u00e9s, ces goodies high-tech font partie int\u00e9grante de la vie quotidienne. Les entreprises cherchent \u00e0 associer leur image \u00e0 l&rsquo;innovation technologique tout en offrant des produits utiles et modernes.<\/span><\/p>\n<p><span>Prenons l&rsquo;exemple du <strong>\u00ab\u00a0Kit de C\u00e2ble de Donn\u00e9es Just Geek\u00a0\u00bb<\/strong>. Compact, astucieux, et personnalisable, ce kit offre une solution moderne pour transf\u00e9rer des donn\u00e9es, connecter ou recharger des appareils \u00e9lectroniques. Dans une bo\u00eete individuelle illustr\u00e9e, il incarne le mariage parfait entre fonctionnalit\u00e9 et style geek.<\/span><\/p>\n<p>[\/et_pb_text][\/et_pb_column][et_pb_column type=\u00a0\u00bb1_2&Prime; _builder_version=\u00a0\u00bb4.24.0&Prime; _module_preset=\u00a0\u00bbdefault\u00a0\u00bb global_colors_info=\u00a0\u00bb{}\u00a0\u00bb][et_pb_image src=\u00a0\u00bbhttps:\/\/actugoodies.com\/wp-content\/uploads\/2024\/02\/big_el2465_1.jpg\u00a0\u00bb title_text=\u00a0\u00bbbig_el2465_1&Prime; _builder_version=\u00a0\u00bb4.24.0&Prime; _module_preset=\u00a0\u00bbdefault\u00a0\u00bb global_colors_info=\u00a0\u00bb{}\u00a0\u00bb][\/et_pb_image][\/et_pb_column][\/et_pb_row][et_pb_row column_structure=\u00a0\u00bb1_2,1_2&Prime; _builder_version=\u00a0\u00bb4.24.0&Prime; _module_preset=\u00a0\u00bbdefault\u00a0\u00bb global_colors_info=\u00a0\u00bb{}\u00a0\u00bb][et_pb_column type=\u00a0\u00bb1_2&Prime; _builder_version=\u00a0\u00bb4.24.0&Prime; _module_preset=\u00a0\u00bbdefault\u00a0\u00bb global_colors_info=\u00a0\u00bb{}\u00a0\u00bb][et_pb_image src=\u00a0\u00bbhttps:\/\/actugoodies.com\/wp-content\/uploads\/2024\/02\/sac-coton-goodjour-beige-sac-coton-goodjour.jpg\u00a0\u00bb title_text=\u00a0\u00bbsac-coton-goodjour-beige-sac-coton-goodjour\u00a0\u00bb _builder_version=\u00a0\u00bb4.24.0&Prime; _module_preset=\u00a0\u00bbdefault\u00a0\u00bb global_colors_info=\u00a0\u00bb{}\u00a0\u00bb][\/et_pb_image][\/et_pb_column][et_pb_column type=\u00a0\u00bb1_2&Prime; _builder_version=\u00a0\u00bb4.24.0&Prime; _module_preset=\u00a0\u00bbdefault\u00a0\u00bb global_colors_info=\u00a0\u00bb{}\u00a0\u00bb][et_pb_text _builder_version=\u00a0\u00bb4.24.0&Prime; _module_preset=\u00a0\u00bbdefault\u00a0\u00bb custom_margin=\u00a0\u00bb50px||||false|false\u00a0\u00bb global_colors_info=\u00a0\u00bb{}\u00a0\u00bb]<\/p>\n<h5 style=\"text-align: left;\"><strong>5- Goodies Made in France\u00a0<\/strong><\/h5>\n<p><span>En cette ann\u00e9e 2026, le label \u00ab\u00a0Made In France\u00a0\u00bb transcende le simple aspect de provenance pour devenir un choix conscient et responsable. Les entreprises privil\u00e9gient des goodies locaux, refl\u00e9tant ainsi leur engagement envers l&rsquo;\u00e9thique et la qualit\u00e9. Cette orientation d\u00e9montre une volont\u00e9 croissante de soutenir le savoir-faire national et de r\u00e9duire l&#8217;empreinte carbone. Opter pour des goodies \u00ab\u00a0Made In France\u00a0\u00bb en 2026 n&rsquo;est pas simplement un acte d&rsquo;achat, mais une d\u00e9claration affirm\u00e9e en faveur de l&rsquo;\u00e9l\u00e9gance responsable et de l&rsquo;adoption de pratiques durables.<\/span><\/p>\n<div class=\"w-full text-token-text-primary\" data-testid=\"conversation-turn-9\">\n<div class=\"px-4 py-2 justify-center text-base md:gap-6 m-auto\">\n<div class=\"flex flex-1 text-base mx-auto gap-3 md:px-5 lg:px-1 xl:px-5 md:max-w-3xl lg:max-w-[40rem] xl:max-w-[48rem] group\">\n<div class=\"relative flex w-full flex-col lg:w-[calc(100%-115px)] agent-turn\">\n<div class=\"flex-col gap-1 md:gap-3\">\n<div class=\"flex flex-grow flex-col max-w-full\">\n<div data-message-author-role=\"assistant\" data-message-id=\"819fd971-4228-4652-941f-56fd1f09c674\" class=\"min-h-[20px] text-message flex flex-col items-start gap-3 whitespace-pre-wrap break-words [.text-message+&amp;]:mt-5 overflow-x-auto\">\n<div class=\"markdown prose w-full break-words dark:prose-invert light\">\n<p>&nbsp;<\/p>\n<p>La fiert\u00e9 du savoir-faire fran\u00e7ais prend vie avec le <strong>\u00ab\u00a0Sac Pochon Isotherme Fabriqu\u00e9 en France\u00a0\u00bb<\/strong>. Alliant qualit\u00e9, praticit\u00e9 et responsabilit\u00e9 environnementale, ce sac offre une solution \u00e9l\u00e9gante pour le transport de produits frais. En favorisant la production locale, il s&rsquo;inscrit dans une d\u00e9marche \u00e9co-responsable tout en offrant un cadeau d&rsquo;entreprise haut de gamme.<\/p>\n<\/div>\n<\/div>\n<\/div>\n<\/div>\n<\/div>\n<\/div>\n<\/div>\n<\/div>\n<p>[\/et_pb_text][\/et_pb_column][\/et_pb_row][\/et_pb_section]<\/p>\n","protected":false},"excerpt":{"rendered":"<p>En 2026, les tendances d&rsquo;achats en objets personnalisables pour les entreprises refl\u00e8tent un fort engagement envers l&rsquo;\u00e9cologie, la connectivit\u00e9, le bien-\u00eatre et la qualit\u00e9. Les entreprises cherchent \u00e0 aligner leurs choix de goodies avec des valeurs durables et responsables, tout en offrant des articles qui sont \u00e0 la fois pratiques et innovants.2- Goodies innovants Dans [&hellip;]<\/p>\n","protected":false},"author":1,"featured_media":0,"parent":0,"menu_order":0,"comment_status":"closed","ping_status":"closed","template":"","meta":{"_et_pb_use_builder":"on","_et_pb_old_content":"","_et_gb_content_width":"","footnotes":""},"class_list":["post-600","page","type-page","status-publish","hentry"],"yoast_head":"<!-- This site is optimized with the Yoast SEO plugin v27.4 - https:\/\/yoast.com\/product\/yoast-seo-wordpress\/ -->\n<title>Les tendances actuelles - Actugoodies<\/title>\n<meta name=\"robots\" content=\"index, follow, max-snippet:-1, max-image-preview:large, max-video-preview:-1\" \/>\n<link rel=\"canonical\" href=\"https:\/\/actugoodies.com\/?page_id=600\" \/>\n<meta property=\"og:locale\" content=\"fr_FR\" \/>\n<meta property=\"og:type\" content=\"article\" \/>\n<meta property=\"og:title\" content=\"Les tendances actuelles - Actugoodies\" \/>\n<meta property=\"og:description\" content=\"En 2026, les tendances d&#039;achats en objets personnalisables pour les entreprises refl\u00e8tent un fort engagement envers l&#039;\u00e9cologie, la connectivit\u00e9, le bien-\u00eatre et la qualit\u00e9. Les entreprises cherchent \u00e0 aligner leurs choix de goodies avec des valeurs durables et responsables, tout en offrant des articles qui sont \u00e0 la fois pratiques et innovants.2- Goodies innovants Dans [&hellip;]\" \/>\n<meta property=\"og:url\" content=\"https:\/\/actugoodies.com\/?page_id=600\" \/>\n<meta property=\"og:site_name\" content=\"Actugoodies\" \/>\n<meta property=\"article:publisher\" content=\"https:\/\/www.facebook.com\/mediatours?locale=fr_FR\" \/>\n<meta property=\"article:modified_time\" content=\"2026-01-08T10:00:10+00:00\" \/>\n<meta name=\"twitter:card\" content=\"summary_large_image\" \/>\n<script type=\"application\/ld+json\" class=\"yoast-schema-graph\">{\"@context\":\"https:\\\/\\\/schema.org\",\"@graph\":[{\"@type\":\"WebPage\",\"@id\":\"https:\\\/\\\/actugoodies.com\\\/?page_id=600\",\"url\":\"https:\\\/\\\/actugoodies.com\\\/?page_id=600\",\"name\":\"Les tendances actuelles - Actugoodies\",\"isPartOf\":{\"@id\":\"https:\\\/\\\/actugoodies.com\\\/#website\"},\"datePublished\":\"2024-02-08T10:53:14+00:00\",\"dateModified\":\"2026-01-08T10:00:10+00:00\",\"breadcrumb\":{\"@id\":\"https:\\\/\\\/actugoodies.com\\\/?page_id=600#breadcrumb\"},\"inLanguage\":\"fr-FR\",\"potentialAction\":[{\"@type\":\"ReadAction\",\"target\":[\"https:\\\/\\\/actugoodies.com\\\/?page_id=600\"]}]},{\"@type\":\"BreadcrumbList\",\"@id\":\"https:\\\/\\\/actugoodies.com\\\/?page_id=600#breadcrumb\",\"itemListElement\":[{\"@type\":\"ListItem\",\"position\":1,\"name\":\"Accueil\",\"item\":\"https:\\\/\\\/actugoodies.com\\\/\"},{\"@type\":\"ListItem\",\"position\":2,\"name\":\"Les tendances actuelles\"}]},{\"@type\":\"WebSite\",\"@id\":\"https:\\\/\\\/actugoodies.com\\\/#website\",\"url\":\"https:\\\/\\\/actugoodies.com\\\/\",\"name\":\"Actugoodies\",\"description\":\"ActuGoodies : Votre source num\u00e9ro un pour les tendances de l&#039;objet publicitaire!\",\"publisher\":{\"@id\":\"https:\\\/\\\/actugoodies.com\\\/#organization\"},\"potentialAction\":[{\"@type\":\"SearchAction\",\"target\":{\"@type\":\"EntryPoint\",\"urlTemplate\":\"https:\\\/\\\/actugoodies.com\\\/?s={search_term_string}\"},\"query-input\":{\"@type\":\"PropertyValueSpecification\",\"valueRequired\":true,\"valueName\":\"search_term_string\"}}],\"inLanguage\":\"fr-FR\"},{\"@type\":\"Organization\",\"@id\":\"https:\\\/\\\/actugoodies.com\\\/#organization\",\"name\":\"Actugoodies\",\"url\":\"https:\\\/\\\/actugoodies.com\\\/\",\"logo\":{\"@type\":\"ImageObject\",\"inLanguage\":\"fr-FR\",\"@id\":\"https:\\\/\\\/actugoodies.com\\\/#\\\/schema\\\/logo\\\/image\\\/\",\"url\":\"http:\\\/\\\/actugoodies.com\\\/wp-content\\\/uploads\\\/2024\\\/01\\\/LOGO_ACTUGOODIES_2024_V2-removebg-preview.png\",\"contentUrl\":\"http:\\\/\\\/actugoodies.com\\\/wp-content\\\/uploads\\\/2024\\\/01\\\/LOGO_ACTUGOODIES_2024_V2-removebg-preview.png\",\"width\":1024,\"height\":243,\"caption\":\"Actugoodies\"},\"image\":{\"@id\":\"https:\\\/\\\/actugoodies.com\\\/#\\\/schema\\\/logo\\\/image\\\/\"},\"sameAs\":[\"https:\\\/\\\/www.facebook.com\\\/mediatours?locale=fr_FR\",\"https:\\\/\\\/www.instagram.com\\\/cadeaucom\\\/\",\"https:\\\/\\\/www.linkedin.com\\\/company\\\/cadeaucom-objets-personnaliss\\\/\"]}]}<\/script>\n<!-- \/ Yoast SEO plugin. -->","yoast_head_json":{"title":"Les tendances actuelles - Actugoodies","robots":{"index":"index","follow":"follow","max-snippet":"max-snippet:-1","max-image-preview":"max-image-preview:large","max-video-preview":"max-video-preview:-1"},"canonical":"https:\/\/actugoodies.com\/?page_id=600","og_locale":"fr_FR","og_type":"article","og_title":"Les tendances actuelles - Actugoodies","og_description":"En 2026, les tendances d'achats en objets personnalisables pour les entreprises refl\u00e8tent un fort engagement envers l'\u00e9cologie, la connectivit\u00e9, le bien-\u00eatre et la qualit\u00e9. Les entreprises cherchent \u00e0 aligner leurs choix de goodies avec des valeurs durables et responsables, tout en offrant des articles qui sont \u00e0 la fois pratiques et innovants.2- Goodies innovants Dans [&hellip;]","og_url":"https:\/\/actugoodies.com\/?page_id=600","og_site_name":"Actugoodies","article_publisher":"https:\/\/www.facebook.com\/mediatours?locale=fr_FR","article_modified_time":"2026-01-08T10:00:10+00:00","twitter_card":"summary_large_image","schema":{"@context":"https:\/\/schema.org","@graph":[{"@type":"WebPage","@id":"https:\/\/actugoodies.com\/?page_id=600","url":"https:\/\/actugoodies.com\/?page_id=600","name":"Les tendances actuelles - Actugoodies","isPartOf":{"@id":"https:\/\/actugoodies.com\/#website"},"datePublished":"2024-02-08T10:53:14+00:00","dateModified":"2026-01-08T10:00:10+00:00","breadcrumb":{"@id":"https:\/\/actugoodies.com\/?page_id=600#breadcrumb"},"inLanguage":"fr-FR","potentialAction":[{"@type":"ReadAction","target":["https:\/\/actugoodies.com\/?page_id=600"]}]},{"@type":"BreadcrumbList","@id":"https:\/\/actugoodies.com\/?page_id=600#breadcrumb","itemListElement":[{"@type":"ListItem","position":1,"name":"Accueil","item":"https:\/\/actugoodies.com\/"},{"@type":"ListItem","position":2,"name":"Les tendances actuelles"}]},{"@type":"WebSite","@id":"https:\/\/actugoodies.com\/#website","url":"https:\/\/actugoodies.com\/","name":"Actugoodies","description":"ActuGoodies : Votre source num\u00e9ro un pour les tendances de l&#039;objet publicitaire!","publisher":{"@id":"https:\/\/actugoodies.com\/#organization"},"potentialAction":[{"@type":"SearchAction","target":{"@type":"EntryPoint","urlTemplate":"https:\/\/actugoodies.com\/?s={search_term_string}"},"query-input":{"@type":"PropertyValueSpecification","valueRequired":true,"valueName":"search_term_string"}}],"inLanguage":"fr-FR"},{"@type":"Organization","@id":"https:\/\/actugoodies.com\/#organization","name":"Actugoodies","url":"https:\/\/actugoodies.com\/","logo":{"@type":"ImageObject","inLanguage":"fr-FR","@id":"https:\/\/actugoodies.com\/#\/schema\/logo\/image\/","url":"http:\/\/actugoodies.com\/wp-content\/uploads\/2024\/01\/LOGO_ACTUGOODIES_2024_V2-removebg-preview.png","contentUrl":"http:\/\/actugoodies.com\/wp-content\/uploads\/2024\/01\/LOGO_ACTUGOODIES_2024_V2-removebg-preview.png","width":1024,"height":243,"caption":"Actugoodies"},"image":{"@id":"https:\/\/actugoodies.com\/#\/schema\/logo\/image\/"},"sameAs":["https:\/\/www.facebook.com\/mediatours?locale=fr_FR","https:\/\/www.instagram.com\/cadeaucom\/","https:\/\/www.linkedin.com\/company\/cadeaucom-objets-personnaliss\/"]}]}},"_links":{"self":[{"href":"https:\/\/actugoodies.com\/index.php?rest_route=\/wp\/v2\/pages\/600","targetHints":{"allow":["GET"]}}],"collection":[{"href":"https:\/\/actugoodies.com\/index.php?rest_route=\/wp\/v2\/pages"}],"about":[{"href":"https:\/\/actugoodies.com\/index.php?rest_route=\/wp\/v2\/types\/page"}],"author":[{"embeddable":true,"href":"https:\/\/actugoodies.com\/index.php?rest_route=\/wp\/v2\/users\/1"}],"replies":[{"embeddable":true,"href":"https:\/\/actugoodies.com\/index.php?rest_route=%2Fwp%2Fv2%2Fcomments&post=600"}],"version-history":[{"count":12,"href":"https:\/\/actugoodies.com\/index.php?rest_route=\/wp\/v2\/pages\/600\/revisions"}],"predecessor-version":[{"id":1956,"href":"https:\/\/actugoodies.com\/index.php?rest_route=\/wp\/v2\/pages\/600\/revisions\/1956"}],"wp:attachment":[{"href":"https:\/\/actugoodies.com\/index.php?rest_route=%2Fwp%2Fv2%2Fmedia&parent=600"}],"curies":[{"name":"wp","href":"https:\/\/api.w.org\/{rel}","templated":true}]}}